{"id":413,"date":"2025-09-28T17:54:58","date_gmt":"2025-09-28T15:54:58","guid":{"rendered":"https:\/\/www.cecile-energiesoins.fr\/?page_id=413"},"modified":"2025-10-01T16:04:42","modified_gmt":"2025-10-01T14:04:42","slug":"conditions-generales-dutilisation","status":"publish","type":"page","link":"https:\/\/www.cecile-energiesoins.fr\/index.php\/conditions-generales-dutilisation\/","title":{"rendered":"Conditions g\u00e9n\u00e9rales d\u2019utilisation"},"content":{"rendered":"\n<h4 class=\"wp-block-heading\"><strong>Pr\u00e9ambule<\/strong><\/h4>\n\n\n\n<p>Les pr\u00e9sentes Conditions G\u00e9n\u00e9rales d&rsquo;Utilisation (ci-apr\u00e8s \u00ab\u00a0CGU\u00a0\u00bb) r\u00e9gissent l&rsquo;acc\u00e8s et l&rsquo;utilisation du site <strong>https:\/\/www.cecile-energiesoins.fr<\/strong>, \u00e9dit\u00e9 par <strong>Le Microcosme de C\u00e9cile<\/strong>, dont le si\u00e8ge social est situ\u00e9 <strong>45, rue Branly &#8211; 42300 ROANNE<\/strong>. L&rsquo;utilisateur reconna\u00eet avoir pris connaissance des CGU et s&rsquo;engage \u00e0 les respecter.<\/p>\n\n\n\n<h4 class=\"wp-block-heading\"><strong>Article 1 &#8211; D\u00e9finitions<\/strong><\/h4>\n\n\n\n<p><strong>Site<\/strong> : d\u00e9signe le site internet accessible \u00e0 l&rsquo;adresse <strong>https:\/\/www.cecile-energiesoins.fr<\/strong>.<br><strong>Utilisateur<\/strong> : toute personne acc\u00e9dant et naviguant sur le Site, \u00e0 quelque titre que ce soit.<br><strong>Contenu<\/strong> : d\u00e9signe l&rsquo;ensemble des \u00e9l\u00e9ments pr\u00e9sents sur le Site (textes, images, vid\u00e9os, logos, etc.).<\/p>\n\n\n\n<h4 class=\"wp-block-heading\"><strong>Article 2 &#8211; Objet<\/strong><\/h4>\n\n\n\n<p>Les pr\u00e9sentes CGU ont pour objet de d\u00e9finir les conditions dans lesquelles les utilisateurs peuvent acc\u00e9der au Site et l&rsquo;utiliser. En acc\u00e9dant au Site, l&rsquo;utilisateur accepte sans r\u00e9serve les pr\u00e9sentes CGU.<\/p>\n\n\n\n<h4 class=\"wp-block-heading\"><strong>Article 3 &#8211; Acc\u00e8s au site<\/strong><\/h4>\n\n\n\n<p>L&rsquo;acc\u00e8s au Site est ouvert \u00e0 tout utilisateur disposant d&rsquo;une connexion Internet. Le site est accessible gratuitement, hors co\u00fbts de connexion et d&rsquo;abonnement \u00e0 Internet. Certaines sections du site peuvent toutefois \u00eatre r\u00e9serv\u00e9es aux utilisateurs enregistr\u00e9s.<\/p>\n\n\n\n<h4 class=\"wp-block-heading\"><strong>Article 4 &#8211; Propri\u00e9t\u00e9 intellectuelle<\/strong><\/h4>\n\n\n\n<p>Le contenu du site (textes, images, logos, etc.) est prot\u00e9g\u00e9 par les lois en vigueur relatives \u00e0 la propri\u00e9t\u00e9 intellectuelle et aux droits d&rsquo;auteur. Toute reproduction, repr\u00e9sentation, modification, ou adaptation, totale ou partielle du contenu, sans l&rsquo;autorisation \u00e9crite pr\u00e9alable du <strong>Microcosme de C\u00e9cile<\/strong>, est interdite et constitue une contrefa\u00e7on.<\/p>\n\n\n\n<h4 class=\"wp-block-heading\"><strong>Article 5 &#8211; Donn\u00e9es personnelles<\/strong><\/h4>\n\n\n\n<h4 class=\"wp-block-heading\"><strong><em>Donn\u00e9es collect\u00e9es<\/em><\/strong><\/h4>\n\n\n\n<ul class=\"wp-block-list\">\n<li><strong>connexion <\/strong>: lors de la connexion de l\u2019utilisateur au site web, celui-ci enregistre, notamment, ses nom, pr\u00e9nom, adresse mail, num\u00e9ro de t\u00e9l\u00e9phone et ses donn\u00e9es de localisation.<\/li>\n\n\n\n<li><strong>profil <\/strong>: l\u2019utilisation des prestations pr\u00e9vues sur le site web permet de renseigner un profil, pouvant comprendre une adresse et un num\u00e9ro de t\u00e9l\u00e9phone;<\/li>\n\n\n\n<li><strong>communication <\/strong>: lorsque le site web est utilis\u00e9 pour communiquer \u2013 l\u2019utilisateur fait l\u2019objet d\u2019une conservation temporaire :<\/li>\n\n\n\n<li><strong>cookies <\/strong>: les cookies sont utilis\u00e9s dans le cadre de l\u2019utilisation du site. L\u2019utilisateur a la possibilit\u00e9 de d\u00e9sactiver les cookies \u00e0 partir des param\u00e8tres de son navigateur.<\/li>\n<\/ul>\n\n\n\n<h4 class=\"wp-block-heading\"><strong><em>Utilisation des donn\u00e9es personnelles<\/em><\/strong><\/h4>\n\n\n\n<p>Le site peut recueillir des donn\u00e9es personnelles telles que le nom, l&rsquo;adresse e-mail, etc. Conform\u00e9ment \u00e0 la r\u00e9glementation en vigueur (RGPD), l&rsquo;utilisateur dispose d&rsquo;un droit d&rsquo;acc\u00e8s, de rectification et de suppression de ses donn\u00e9es personnelles. Plus pr\u00e9cis\u00e9ment, les utilisations sont les suivantes :<\/p>\n\n\n\n<ul class=\"wp-block-list\">\n<li>acc\u00e8s et utilisation du site web par l\u2019utilisateur<\/li>\n\n\n\n<li>v\u00e9rification, identification et authentification des donn\u00e9es transmises par l\u2019utilisateur<\/li>\n\n\n\n<li>mise en \u0153uvre d\u2019une assistance utilisateurs<\/li>\n\n\n\n<li>rectification et suppression de ses donn\u00e9es personnelles<\/li>\n<\/ul>\n\n\n\n<h4 class=\"wp-block-heading\"><strong>Article 6 &#8211; Responsabilit\u00e9<\/strong><\/h4>\n\n\n\n<p>L&rsquo;utilisation du Site se fait sous la seule responsabilit\u00e9 de l&rsquo;utilisateur. <strong>Le Microcosme de C\u00e9cile<\/strong> ne saurait \u00eatre tenu responsable de tout dommage direct ou indirect, y compris pertes de donn\u00e9es ou de profit, r\u00e9sultant de l&rsquo;acc\u00e8s ou de l&rsquo;utilisation du Site.<\/p>\n\n\n\n<h4 class=\"wp-block-heading\"><strong>Article 7 &#8211; Liens hypertextes<\/strong><\/h4>\n\n\n\n<p>Le site peut contenir des liens vers d&rsquo;autres sites internet. <strong>Le Microcosme de C\u00e9cile<\/strong> n&rsquo;exerce aucun contr\u00f4le sur le contenu de ces sites et ne saurait \u00eatre tenu responsable de leur disponibilit\u00e9 ou de leur contenu.<\/p>\n\n\n\n<h4 class=\"wp-block-heading\"><strong>Article 8 &#8211; Modification des CGU<\/strong><\/h4>\n\n\n\n<p><strong>Le Microcosme de C\u00e9cile<\/strong> se r\u00e9serve le droit de modifier \u00e0 tout moment les pr\u00e9sentes CGU. Les utilisateurs sont invit\u00e9s \u00e0 les consulter r\u00e9guli\u00e8rement. Les modifications prennent effet \u00e0 compter de leur publication sur le Site.<\/p>\n\n\n\n<h4 class=\"wp-block-heading\"><strong>Article 9 &#8211; Loi applicable<\/strong><\/h4>\n\n\n\n<p>En cas de contentieux, une clause relative aux modalit\u00e9s de r\u00e8glement du litige permet d\u2019<strong>imposer une tentative de r\u00e8glement amiable du litige avant toute saisine judiciaire<\/strong>. Si les parties n\u2019arrivent pas \u00e0 r\u00e9soudre un litige \u00e0 l\u2019amiable, le litige sera soumis \u00e0 la comp\u00e9tence des tribunaux fran\u00e7ais.<\/p>\n\n\n\n<h4 class=\"wp-block-heading\"><strong>Article 10 &#8211; Contact<\/strong><\/h4>\n\n\n\n<p>Pour toute question relative aux pr\u00e9sentes CGU, vous pouvez contacter <strong>Le Microcosme de C\u00e9cile<\/strong> \u00e0 l&rsquo;adresse suivante : <strong>contact@cecile-energiesoins.fr<\/strong>.<\/p>\n","protected":false},"excerpt":{"rendered":"<p>Pr\u00e9ambule Les pr\u00e9sentes Conditions G\u00e9n\u00e9rales d&rsquo;Utilisation (ci-apr\u00e8s \u00ab\u00a0CGU\u00a0\u00bb) r\u00e9gissent l&rsquo;acc\u00e8s et l&rsquo;utilisation du site https:\/\/www.cecile-energiesoins.fr, \u00e9dit\u00e9 par Le Microcosme de C\u00e9cile, dont le si\u00e8ge social est situ\u00e9 45, rue Branly &#8211; 42300 ROANNE. L&rsquo;utilisateur reconna\u00eet avoir pris connaissance des CGU et s&rsquo;engage \u00e0 les respecter. Article 1 &#8211; D\u00e9finitions Site : d\u00e9signe le site internet &hellip; <a href=\"https:\/\/www.cecile-energiesoins.fr\/index.php\/conditions-generales-dutilisation\/\" class=\"more-link\">Lire la suite <span class=\"screen-reader-text\">Conditions g\u00e9n\u00e9rales d\u2019utilisation<\/span><\/a><\/p>\n","protected":false},"author":1,"featured_media":0,"parent":0,"menu_order":0,"comment_status":"closed","ping_status":"closed","template":"","meta":{"footnotes":""},"class_list":["post-413","page","type-page","status-publish","hentry"],"yoast_head":"<!-- This site is optimized with the Yoast SEO plugin v27.4 - https:\/\/yoast.com\/product\/yoast-seo-wordpress\/ -->\n<title>Conditions g\u00e9n\u00e9rales d\u2019utilisation - LE Microcosme de C\u00e9cile<\/title>\n<meta name=\"description\" content=\"Les pr\u00e9sentes CGU ont pour objet de d\u00e9finir les conditions dans lesquelles les utilisateurs peuvent acc\u00e9der au Site et l&#039;utiliser.\" \/>\n<meta name=\"robots\" content=\"index, follow, max-snippet:-1, max-image-preview:large, max-video-preview:-1\" \/>\n<link rel=\"canonical\" href=\"https:\/\/www.cecile-energiesoins.fr\/index.php\/conditions-generales-dutilisation\/\" \/>\n<meta property=\"og:locale\" content=\"fr_FR\" \/>\n<meta property=\"og:type\" content=\"article\" \/>\n<meta property=\"og:title\" content=\"Conditions g\u00e9n\u00e9rales d\u2019utilisation - LE Microcosme de C\u00e9cile\" \/>\n<meta property=\"og:description\" content=\"Les pr\u00e9sentes CGU ont pour objet de d\u00e9finir les conditions dans lesquelles les utilisateurs peuvent acc\u00e9der au Site et l&#039;utiliser.\" \/>\n<meta property=\"og:url\" content=\"https:\/\/www.cecile-energiesoins.fr\/index.php\/conditions-generales-dutilisation\/\" \/>\n<meta property=\"og:site_name\" content=\"LE Microcosme de C\u00e9cile\" \/>\n<meta property=\"article:modified_time\" content=\"2025-10-01T14:04:42+00:00\" \/>\n<meta name=\"twitter:card\" content=\"summary_large_image\" \/>\n<meta name=\"twitter:label1\" content=\"Dur\u00e9e de lecture estim\u00e9e\" \/>\n\t<meta name=\"twitter:data1\" content=\"3 minutes\" \/>\n<script type=\"application\/ld+json\" class=\"yoast-schema-graph\">{\"@context\":\"https:\\\/\\\/schema.org\",\"@graph\":[{\"@type\":\"WebPage\",\"@id\":\"https:\\\/\\\/www.cecile-energiesoins.fr\\\/index.php\\\/conditions-generales-dutilisation\\\/\",\"url\":\"https:\\\/\\\/www.cecile-energiesoins.fr\\\/index.php\\\/conditions-generales-dutilisation\\\/\",\"name\":\"Conditions g\u00e9n\u00e9rales d\u2019utilisation - LE Microcosme de C\u00e9cile\",\"isPartOf\":{\"@id\":\"https:\\\/\\\/www.cecile-energiesoins.fr\\\/#website\"},\"datePublished\":\"2025-09-28T15:54:58+00:00\",\"dateModified\":\"2025-10-01T14:04:42+00:00\",\"description\":\"Les pr\u00e9sentes CGU ont pour objet de d\u00e9finir les conditions dans lesquelles les utilisateurs peuvent acc\u00e9der au Site et l'utiliser.\",\"breadcrumb\":{\"@id\":\"https:\\\/\\\/www.cecile-energiesoins.fr\\\/index.php\\\/conditions-generales-dutilisation\\\/#breadcrumb\"},\"inLanguage\":\"fr-FR\",\"potentialAction\":[{\"@type\":\"ReadAction\",\"target\":[\"https:\\\/\\\/www.cecile-energiesoins.fr\\\/index.php\\\/conditions-generales-dutilisation\\\/\"]}]},{\"@type\":\"BreadcrumbList\",\"@id\":\"https:\\\/\\\/www.cecile-energiesoins.fr\\\/index.php\\\/conditions-generales-dutilisation\\\/#breadcrumb\",\"itemListElement\":[{\"@type\":\"ListItem\",\"position\":1,\"name\":\"Accueil\",\"item\":\"https:\\\/\\\/www.cecile-energiesoins.fr\\\/\"},{\"@type\":\"ListItem\",\"position\":2,\"name\":\"Conditions g\u00e9n\u00e9rales d\u2019utilisation\"}]},{\"@type\":\"WebSite\",\"@id\":\"https:\\\/\\\/www.cecile-energiesoins.fr\\\/#website\",\"url\":\"https:\\\/\\\/www.cecile-energiesoins.fr\\\/\",\"name\":\"LE Microcosme de C\u00e9cile\",\"description\":\"\",\"publisher\":{\"@id\":\"https:\\\/\\\/www.cecile-energiesoins.fr\\\/#\\\/schema\\\/person\\\/8106ecb4dfab732286cea05e63e8a037\"},\"potentialAction\":[{\"@type\":\"SearchAction\",\"target\":{\"@type\":\"EntryPoint\",\"urlTemplate\":\"https:\\\/\\\/www.cecile-energiesoins.fr\\\/?s={search_term_string}\"},\"query-input\":{\"@type\":\"PropertyValueSpecification\",\"valueRequired\":true,\"valueName\":\"search_term_string\"}}],\"inLanguage\":\"fr-FR\"},{\"@type\":[\"Person\",\"Organization\"],\"@id\":\"https:\\\/\\\/www.cecile-energiesoins.fr\\\/#\\\/schema\\\/person\\\/8106ecb4dfab732286cea05e63e8a037\",\"name\":\"C\u00e9cile\",\"image\":{\"@type\":\"ImageObject\",\"inLanguage\":\"fr-FR\",\"@id\":\"https:\\\/\\\/www.cecile-energiesoins.fr\\\/wp-content\\\/uploads\\\/2025\\\/08\\\/cropped-nouveau_logo.jpg\",\"url\":\"https:\\\/\\\/www.cecile-energiesoins.fr\\\/wp-content\\\/uploads\\\/2025\\\/08\\\/cropped-nouveau_logo.jpg\",\"contentUrl\":\"https:\\\/\\\/www.cecile-energiesoins.fr\\\/wp-content\\\/uploads\\\/2025\\\/08\\\/cropped-nouveau_logo.jpg\",\"width\":500,\"height\":500,\"caption\":\"C\u00e9cile\"},\"logo\":{\"@id\":\"https:\\\/\\\/www.cecile-energiesoins.fr\\\/wp-content\\\/uploads\\\/2025\\\/08\\\/cropped-nouveau_logo.jpg\"},\"sameAs\":[\"https:\\\/\\\/www.cecile-energiesoins.fr\"]}]}<\/script>\n<!-- \/ Yoast SEO plugin. -->","yoast_head_json":{"title":"Conditions g\u00e9n\u00e9rales d\u2019utilisation - LE Microcosme de C\u00e9cile","description":"Les pr\u00e9sentes CGU ont pour objet de d\u00e9finir les conditions dans lesquelles les utilisateurs peuvent acc\u00e9der au Site et l'utiliser.","robots":{"index":"index","follow":"follow","max-snippet":"max-snippet:-1","max-image-preview":"max-image-preview:large","max-video-preview":"max-video-preview:-1"},"canonical":"https:\/\/www.cecile-energiesoins.fr\/index.php\/conditions-generales-dutilisation\/","og_locale":"fr_FR","og_type":"article","og_title":"Conditions g\u00e9n\u00e9rales d\u2019utilisation - LE Microcosme de C\u00e9cile","og_description":"Les pr\u00e9sentes CGU ont pour objet de d\u00e9finir les conditions dans lesquelles les utilisateurs peuvent acc\u00e9der au Site et l'utiliser.","og_url":"https:\/\/www.cecile-energiesoins.fr\/index.php\/conditions-generales-dutilisation\/","og_site_name":"LE Microcosme de C\u00e9cile","article_modified_time":"2025-10-01T14:04:42+00:00","twitter_card":"summary_large_image","twitter_misc":{"Dur\u00e9e de lecture estim\u00e9e":"3 minutes"},"schema":{"@context":"https:\/\/schema.org","@graph":[{"@type":"WebPage","@id":"https:\/\/www.cecile-energiesoins.fr\/index.php\/conditions-generales-dutilisation\/","url":"https:\/\/www.cecile-energiesoins.fr\/index.php\/conditions-generales-dutilisation\/","name":"Conditions g\u00e9n\u00e9rales d\u2019utilisation - LE Microcosme de C\u00e9cile","isPartOf":{"@id":"https:\/\/www.cecile-energiesoins.fr\/#website"},"datePublished":"2025-09-28T15:54:58+00:00","dateModified":"2025-10-01T14:04:42+00:00","description":"Les pr\u00e9sentes CGU ont pour objet de d\u00e9finir les conditions dans lesquelles les utilisateurs peuvent acc\u00e9der au Site et l'utiliser.","breadcrumb":{"@id":"https:\/\/www.cecile-energiesoins.fr\/index.php\/conditions-generales-dutilisation\/#breadcrumb"},"inLanguage":"fr-FR","potentialAction":[{"@type":"ReadAction","target":["https:\/\/www.cecile-energiesoins.fr\/index.php\/conditions-generales-dutilisation\/"]}]},{"@type":"BreadcrumbList","@id":"https:\/\/www.cecile-energiesoins.fr\/index.php\/conditions-generales-dutilisation\/#breadcrumb","itemListElement":[{"@type":"ListItem","position":1,"name":"Accueil","item":"https:\/\/www.cecile-energiesoins.fr\/"},{"@type":"ListItem","position":2,"name":"Conditions g\u00e9n\u00e9rales d\u2019utilisation"}]},{"@type":"WebSite","@id":"https:\/\/www.cecile-energiesoins.fr\/#website","url":"https:\/\/www.cecile-energiesoins.fr\/","name":"LE Microcosme de C\u00e9cile","description":"","publisher":{"@id":"https:\/\/www.cecile-energiesoins.fr\/#\/schema\/person\/8106ecb4dfab732286cea05e63e8a037"},"potentialAction":[{"@type":"SearchAction","target":{"@type":"EntryPoint","urlTemplate":"https:\/\/www.cecile-energiesoins.fr\/?s={search_term_string}"},"query-input":{"@type":"PropertyValueSpecification","valueRequired":true,"valueName":"search_term_string"}}],"inLanguage":"fr-FR"},{"@type":["Person","Organization"],"@id":"https:\/\/www.cecile-energiesoins.fr\/#\/schema\/person\/8106ecb4dfab732286cea05e63e8a037","name":"C\u00e9cile","image":{"@type":"ImageObject","inLanguage":"fr-FR","@id":"https:\/\/www.cecile-energiesoins.fr\/wp-content\/uploads\/2025\/08\/cropped-nouveau_logo.jpg","url":"https:\/\/www.cecile-energiesoins.fr\/wp-content\/uploads\/2025\/08\/cropped-nouveau_logo.jpg","contentUrl":"https:\/\/www.cecile-energiesoins.fr\/wp-content\/uploads\/2025\/08\/cropped-nouveau_logo.jpg","width":500,"height":500,"caption":"C\u00e9cile"},"logo":{"@id":"https:\/\/www.cecile-energiesoins.fr\/wp-content\/uploads\/2025\/08\/cropped-nouveau_logo.jpg"},"sameAs":["https:\/\/www.cecile-energiesoins.fr"]}]}},"_links":{"self":[{"href":"https:\/\/www.cecile-energiesoins.fr\/index.php\/wp-json\/wp\/v2\/pages\/413","targetHints":{"allow":["GET"]}}],"collection":[{"href":"https:\/\/www.cecile-energiesoins.fr\/index.php\/wp-json\/wp\/v2\/pages"}],"about":[{"href":"https:\/\/www.cecile-energiesoins.fr\/index.php\/wp-json\/wp\/v2\/types\/page"}],"author":[{"embeddable":true,"href":"https:\/\/www.cecile-energiesoins.fr\/index.php\/wp-json\/wp\/v2\/users\/1"}],"replies":[{"embeddable":true,"href":"https:\/\/www.cecile-energiesoins.fr\/index.php\/wp-json\/wp\/v2\/comments?post=413"}],"version-history":[{"count":4,"href":"https:\/\/www.cecile-energiesoins.fr\/index.php\/wp-json\/wp\/v2\/pages\/413\/revisions"}],"predecessor-version":[{"id":454,"href":"https:\/\/www.cecile-energiesoins.fr\/index.php\/wp-json\/wp\/v2\/pages\/413\/revisions\/454"}],"wp:attachment":[{"href":"https:\/\/www.cecile-energiesoins.fr\/index.php\/wp-json\/wp\/v2\/media?parent=413"}],"curies":[{"name":"wp","href":"https:\/\/api.w.org\/{rel}","templated":true}]}}